{"id":5491,"date":"2023-10-22T11:30:42","date_gmt":"2023-10-22T10:30:42","guid":{"rendered":"https:\/\/decor-boost.com\/?post_type=product&#038;p=5491"},"modified":"2023-10-28T09:21:59","modified_gmt":"2023-10-28T08:21:59","slug":"3-pieces-crochets-adhesifs-transparent-5kg","status":"publish","type":"product","link":"https:\/\/decor-boost.com\/ar\/shop\/wall-frames\/3-pieces-crochets-adhesifs-transparent-5kg\/","title":{"rendered":"3 \u0639\u0644\u0627\u0642\u0627\u062a \u0644\u0627\u0635\u0642\u0629 \u0634\u0641\u0627\u0641\u0629 \u062a\u062d\u0645\u0644 \u062d\u062a\u0649 5 \u0643\u0644\u063a"},"content":{"rendered":"<ul>\n<li>\n<ul>\n<li><div style=\"width: 720px;\" class=\"wp-video\"><video class=\"wp-video-shortcode\" id=\"video-5491-1\" width=\"720\" height=\"720\" preload=\"metadata\" controls=\"controls\"><source type=\"video\/mp4\" src=\"https:\/\/decor-boost.com\/wp-content\/uploads\/2023\/10\/1.mp4?_=1\" \/><a href=\"https:\/\/decor-boost.com\/wp-content\/uploads\/2023\/10\/1.mp4\">https:\/\/decor-boost.com\/wp-content\/uploads\/2023\/10\/1.mp4<\/a><\/video><\/div>\n<p><span class=\"a-list-item\">Longue dur\u00e9e de vie : d\u00e9collez simplement le film \u00e0 l&#8217;arri\u00e8re, appuyez fermement sur la surface lisse. Les crochets adh\u00e9sifs peuvent \u00eatre utilis\u00e9s encore et encore une fois si s\u00e9ch\u00e9s avec un s\u00e8che-cheveux. Il a une excellente adh\u00e9rence.<\/span><\/li>\n<li><span class=\"a-list-item\">\u3010Facile \u00e0 utiliser\u3011 Les crochets de plafond sans per\u00e7age sont parfaits pour les surfaces telles que le carrelage, le verre, le m\u00e9tal et l&#8217;acier inoxydable particuli\u00e8rement adapt\u00e9s pour suspendre des accessoires de douche ou de salle de bain dans la salle de bain ou des ustensiles de cuisine et des outils sur un couvercle de carrelage.<\/span><\/li>\n<\/ul>\n<ul class=\"a-unordered-list a-vertical a-spacing-mini\">\n<li class=\"a-spacing-mini\"><span class=\"a-list-item\">\u3010Mat\u00e9riau de haute qualit\u00e9\u3011Le design transparent rend le crochet de cuisine presque invisible et est id\u00e9al pour une belle d\u00e9coration d&#8217;int\u00e9rieur. Les crochets \u00e0 v\u00eatements autocollants sont fabriqu\u00e9s en PVC de haute qualit\u00e9 et en acier inoxydable 304 pour garantir qualit\u00e9 et long\u00e9vit\u00e9.<\/span><span class=\"a-list-item\">.<\/span><\/li>\n<\/ul>\n<\/li>\n<\/ul>","protected":false},"excerpt":{"rendered":"<p>Caract\u00e9ristiques : Couleur : transparent. Mat\u00e9riau : plastique PVC + acier inoxydable de qualit\u00e9 &#8211; Dimensions : 6 x 6 cm. Facile \u00e0 utiliser et peut s&#8217;appliquer \u00e0 une vari\u00e9t\u00e9 de surfaces: il vous suffit de fixer doucement les clous acryliques droits \u00e0 la position s\u00e9lectionn\u00e9e du mur. Contenu du paquet : 10 panneaux muraux. Comment effacer : chauffez-le avec un s\u00e8che-cheveux et retirez-le lentement de c\u00f4t\u00e9 sans laisser de trace. Ne connt pas pour le papier peint, la peinture, les murs peints et les surfaces rugueuses. Remarque : ne pas accrocher de produits en surpoids, co\u00fbteux ou fragiles. Ne pas utiliser dans des environnements \u00e0 haute temp\u00e9rature. Application sur tous les types de surfaces lisses telles que les carreaux de c\u00e9ramique, le marbre, le verre, l&#8217;acier inoxydable, le bois, le m\u00e9tal ou le plastique. Ne connt pas pour le papier peint, la peinture, les murs peints et les surfaces rugueuses.<\/p>","protected":false},"featured_media":5498,"template":"","meta":{"_acf_changed":false},"product_brand":[],"product_cat":[17],"product_tag":[123,124,122],"class_list":{"0":"post-5491","1":"product","2":"type-product","3":"status-publish","4":"has-post-thumbnail","6":"product_cat-wall-frames","7":"product_tag-adhesive","8":"product_tag-crochets","9":"product_tag-hunger","11":"first","12":"outofstock","13":"sale","14":"shipping-taxable","15":"purchasable","16":"product-type-simple"},"acf":[],"yoast_head":"<!-- This site is optimized with the Yoast SEO plugin v27.3 - https:\/\/yoast.com\/product\/yoast-seo-wordpress\/ -->\n<title>3 Pi\u00e8ces Crochets Adhesifs Transparent 5kg - Decor Boost<\/title>\n<meta name=\"robots\" content=\"index, follow, max-snippet:-1, max-image-preview:large, max-video-preview:-1\" \/>\n<link rel=\"canonical\" href=\"https:\/\/decor-boost.com\/ar\/shop\/wall-frames\/3-pieces-crochets-adhesifs-transparent-5kg\/\" \/>\n<meta property=\"og:locale\" content=\"ar_AR\" \/>\n<meta property=\"og:type\" content=\"article\" \/>\n<meta property=\"og:title\" content=\"3 Pi\u00e8ces Crochets Adhesifs Transparent 5kg - Decor Boost\" \/>\n<meta property=\"og:description\" content=\"Caract\u00e9ristiques : Couleur : transparent. Mat\u00e9riau : plastique PVC + acier inoxydable de qualit\u00e9 - Dimensions : 6 x 6 cm. Facile \u00e0 utiliser et peut s&#039;appliquer \u00e0 une vari\u00e9t\u00e9 de surfaces: il vous suffit de fixer doucement les clous acryliques droits \u00e0 la position s\u00e9lectionn\u00e9e du mur. Contenu du paquet : 10 panneaux muraux. Comment effacer : chauffez-le avec un s\u00e8che-cheveux et retirez-le lentement de c\u00f4t\u00e9 sans laisser de trace. Ne connt pas pour le papier peint, la peinture, les murs peints et les surfaces rugueuses. Remarque : ne pas accrocher de produits en surpoids, co\u00fbteux ou fragiles. Ne pas utiliser dans des environnements \u00e0 haute temp\u00e9rature. Application sur tous les types de surfaces lisses telles que les carreaux de c\u00e9ramique, le marbre, le verre, l&#039;acier inoxydable, le bois, le m\u00e9tal ou le plastique. Ne connt pas pour le papier peint, la peinture, les murs peints et les surfaces rugueuses.\" \/>\n<meta property=\"og:url\" content=\"https:\/\/decor-boost.com\/ar\/shop\/wall-frames\/3-pieces-crochets-adhesifs-transparent-5kg\/\" \/>\n<meta property=\"og:site_name\" content=\"Decor Boost\" \/>\n<meta property=\"article:publisher\" content=\"https:\/\/www.facebook.com\/decor.boost\/\" \/>\n<meta property=\"article:modified_time\" content=\"2023-10-28T08:21:59+00:00\" \/>\n<meta property=\"og:image\" content=\"https:\/\/decor-boost.com\/wp-content\/uploads\/2023\/10\/1-1.jpg\" \/>\n\t<meta property=\"og:image:width\" content=\"800\" \/>\n\t<meta property=\"og:image:height\" content=\"800\" \/>\n\t<meta property=\"og:image:type\" content=\"image\/jpeg\" \/>\n<meta name=\"twitter:card\" content=\"summary_large_image\" \/>\n<meta name=\"twitter:label1\" content=\"\u0648\u0642\u062a \u0627\u0644\u0642\u0631\u0627\u0621\u0629 \u0627\u0644\u0645\u064f\u0642\u062f\u0651\u0631\" \/>\n\t<meta name=\"twitter:data1\" content=\"\u062f\u0642\u064a\u0642\u0629 \u0648\u0627\u062d\u062f\u0629\" \/>\n<script type=\"application\/ld+json\" class=\"yoast-schema-graph\">{\"@context\":\"https:\\\/\\\/schema.org\",\"@graph\":[{\"@type\":\"WebPage\",\"@id\":\"https:\\\/\\\/decor-boost.com\\\/shop\\\/wall-frames\\\/3-pieces-crochets-adhesifs-transparent-5kg\\\/\",\"url\":\"https:\\\/\\\/decor-boost.com\\\/shop\\\/wall-frames\\\/3-pieces-crochets-adhesifs-transparent-5kg\\\/\",\"name\":\"3 Pi\u00e8ces Crochets Adhesifs Transparent 5kg - Decor Boost\",\"isPartOf\":{\"@id\":\"https:\\\/\\\/decor-boost.com\\\/#website\"},\"primaryImageOfPage\":{\"@id\":\"https:\\\/\\\/decor-boost.com\\\/shop\\\/wall-frames\\\/3-pieces-crochets-adhesifs-transparent-5kg\\\/#primaryimage\"},\"image\":{\"@id\":\"https:\\\/\\\/decor-boost.com\\\/shop\\\/wall-frames\\\/3-pieces-crochets-adhesifs-transparent-5kg\\\/#primaryimage\"},\"thumbnailUrl\":\"https:\\\/\\\/decor-boost.com\\\/wp-content\\\/uploads\\\/2023\\\/10\\\/1-1.jpg\",\"datePublished\":\"2023-10-22T10:30:42+00:00\",\"dateModified\":\"2023-10-28T08:21:59+00:00\",\"breadcrumb\":{\"@id\":\"https:\\\/\\\/decor-boost.com\\\/shop\\\/wall-frames\\\/3-pieces-crochets-adhesifs-transparent-5kg\\\/#breadcrumb\"},\"inLanguage\":\"ar\",\"potentialAction\":[{\"@type\":\"ReadAction\",\"target\":[\"https:\\\/\\\/decor-boost.com\\\/shop\\\/wall-frames\\\/3-pieces-crochets-adhesifs-transparent-5kg\\\/\"]}]},{\"@type\":\"ImageObject\",\"inLanguage\":\"ar\",\"@id\":\"https:\\\/\\\/decor-boost.com\\\/shop\\\/wall-frames\\\/3-pieces-crochets-adhesifs-transparent-5kg\\\/#primaryimage\",\"url\":\"https:\\\/\\\/decor-boost.com\\\/wp-content\\\/uploads\\\/2023\\\/10\\\/1-1.jpg\",\"contentUrl\":\"https:\\\/\\\/decor-boost.com\\\/wp-content\\\/uploads\\\/2023\\\/10\\\/1-1.jpg\",\"width\":800,\"height\":800},{\"@type\":\"BreadcrumbList\",\"@id\":\"https:\\\/\\\/decor-boost.com\\\/shop\\\/wall-frames\\\/3-pieces-crochets-adhesifs-transparent-5kg\\\/#breadcrumb\",\"itemListElement\":[{\"@type\":\"ListItem\",\"position\":1,\"name\":\"Home\",\"item\":\"https:\\\/\\\/decor-boost.com\\\/\"},{\"@type\":\"ListItem\",\"position\":2,\"name\":\"Shop\",\"item\":\"https:\\\/\\\/decor-boost.com\\\/shop\\\/\"},{\"@type\":\"ListItem\",\"position\":3,\"name\":\"3 Pi\u00e8ces Crochets Adhesifs Transparent 5kg\"}]},{\"@type\":\"WebSite\",\"@id\":\"https:\\\/\\\/decor-boost.com\\\/#website\",\"url\":\"https:\\\/\\\/decor-boost.com\\\/\",\"name\":\"Decor Boost\",\"description\":\"Le meilleur endroit pour votre d\u00e9coration int\u00e9rieure\",\"publisher\":{\"@id\":\"https:\\\/\\\/decor-boost.com\\\/#organization\"},\"potentialAction\":[{\"@type\":\"SearchAction\",\"target\":{\"@type\":\"EntryPoint\",\"urlTemplate\":\"https:\\\/\\\/decor-boost.com\\\/?s={search_term_string}\"},\"query-input\":{\"@type\":\"PropertyValueSpecification\",\"valueRequired\":true,\"valueName\":\"search_term_string\"}}],\"inLanguage\":\"ar\"},{\"@type\":\"Organization\",\"@id\":\"https:\\\/\\\/decor-boost.com\\\/#organization\",\"name\":\"Decor Boost\",\"url\":\"https:\\\/\\\/decor-boost.com\\\/\",\"logo\":{\"@type\":\"ImageObject\",\"inLanguage\":\"ar\",\"@id\":\"https:\\\/\\\/decor-boost.com\\\/#\\\/schema\\\/logo\\\/image\\\/\",\"url\":\"https:\\\/\\\/decor-boost.com\\\/wp-content\\\/uploads\\\/2024\\\/03\\\/LOGO-for-site-logo.jpg\",\"contentUrl\":\"https:\\\/\\\/decor-boost.com\\\/wp-content\\\/uploads\\\/2024\\\/03\\\/LOGO-for-site-logo.jpg\",\"width\":696,\"height\":696,\"caption\":\"Decor Boost\"},\"image\":{\"@id\":\"https:\\\/\\\/decor-boost.com\\\/#\\\/schema\\\/logo\\\/image\\\/\"},\"sameAs\":[\"https:\\\/\\\/www.facebook.com\\\/decor.boost\\\/\",\"https:\\\/\\\/www.instagram.com\\\/decor.boost\\\/\",\"https:\\\/\\\/www.tiktok.com\\\/@decor.boost\"]}]}<\/script>\n<!-- \/ Yoast SEO plugin. -->","yoast_head_json":{"title":"3 Pi\u00e8ces Crochets Adhesifs Transparent 5kg - Decor Boost","robots":{"index":"index","follow":"follow","max-snippet":"max-snippet:-1","max-image-preview":"max-image-preview:large","max-video-preview":"max-video-preview:-1"},"canonical":"https:\/\/decor-boost.com\/ar\/shop\/wall-frames\/3-pieces-crochets-adhesifs-transparent-5kg\/","og_locale":"ar_AR","og_type":"article","og_title":"3 Pi\u00e8ces Crochets Adhesifs Transparent 5kg - Decor Boost","og_description":"Caract\u00e9ristiques : Couleur : transparent. Mat\u00e9riau : plastique PVC + acier inoxydable de qualit\u00e9 - Dimensions : 6 x 6 cm. Facile \u00e0 utiliser et peut s'appliquer \u00e0 une vari\u00e9t\u00e9 de surfaces: il vous suffit de fixer doucement les clous acryliques droits \u00e0 la position s\u00e9lectionn\u00e9e du mur. Contenu du paquet : 10 panneaux muraux. Comment effacer : chauffez-le avec un s\u00e8che-cheveux et retirez-le lentement de c\u00f4t\u00e9 sans laisser de trace. Ne connt pas pour le papier peint, la peinture, les murs peints et les surfaces rugueuses. Remarque : ne pas accrocher de produits en surpoids, co\u00fbteux ou fragiles. Ne pas utiliser dans des environnements \u00e0 haute temp\u00e9rature. Application sur tous les types de surfaces lisses telles que les carreaux de c\u00e9ramique, le marbre, le verre, l'acier inoxydable, le bois, le m\u00e9tal ou le plastique. Ne connt pas pour le papier peint, la peinture, les murs peints et les surfaces rugueuses.","og_url":"https:\/\/decor-boost.com\/ar\/shop\/wall-frames\/3-pieces-crochets-adhesifs-transparent-5kg\/","og_site_name":"Decor Boost","article_publisher":"https:\/\/www.facebook.com\/decor.boost\/","article_modified_time":"2023-10-28T08:21:59+00:00","og_image":[{"width":800,"height":800,"url":"https:\/\/decor-boost.com\/wp-content\/uploads\/2023\/10\/1-1.jpg","type":"image\/jpeg"}],"twitter_card":"summary_large_image","twitter_misc":{"\u0648\u0642\u062a \u0627\u0644\u0642\u0631\u0627\u0621\u0629 \u0627\u0644\u0645\u064f\u0642\u062f\u0651\u0631":"\u062f\u0642\u064a\u0642\u0629 \u0648\u0627\u062d\u062f\u0629"},"schema":{"@context":"https:\/\/schema.org","@graph":[{"@type":"WebPage","@id":"https:\/\/decor-boost.com\/shop\/wall-frames\/3-pieces-crochets-adhesifs-transparent-5kg\/","url":"https:\/\/decor-boost.com\/shop\/wall-frames\/3-pieces-crochets-adhesifs-transparent-5kg\/","name":"3 Pi\u00e8ces Crochets Adhesifs Transparent 5kg - Decor Boost","isPartOf":{"@id":"https:\/\/decor-boost.com\/#website"},"primaryImageOfPage":{"@id":"https:\/\/decor-boost.com\/shop\/wall-frames\/3-pieces-crochets-adhesifs-transparent-5kg\/#primaryimage"},"image":{"@id":"https:\/\/decor-boost.com\/shop\/wall-frames\/3-pieces-crochets-adhesifs-transparent-5kg\/#primaryimage"},"thumbnailUrl":"https:\/\/decor-boost.com\/wp-content\/uploads\/2023\/10\/1-1.jpg","datePublished":"2023-10-22T10:30:42+00:00","dateModified":"2023-10-28T08:21:59+00:00","breadcrumb":{"@id":"https:\/\/decor-boost.com\/shop\/wall-frames\/3-pieces-crochets-adhesifs-transparent-5kg\/#breadcrumb"},"inLanguage":"ar","potentialAction":[{"@type":"ReadAction","target":["https:\/\/decor-boost.com\/shop\/wall-frames\/3-pieces-crochets-adhesifs-transparent-5kg\/"]}]},{"@type":"ImageObject","inLanguage":"ar","@id":"https:\/\/decor-boost.com\/shop\/wall-frames\/3-pieces-crochets-adhesifs-transparent-5kg\/#primaryimage","url":"https:\/\/decor-boost.com\/wp-content\/uploads\/2023\/10\/1-1.jpg","contentUrl":"https:\/\/decor-boost.com\/wp-content\/uploads\/2023\/10\/1-1.jpg","width":800,"height":800},{"@type":"BreadcrumbList","@id":"https:\/\/decor-boost.com\/shop\/wall-frames\/3-pieces-crochets-adhesifs-transparent-5kg\/#breadcrumb","itemListElement":[{"@type":"ListItem","position":1,"name":"Home","item":"https:\/\/decor-boost.com\/"},{"@type":"ListItem","position":2,"name":"Shop","item":"https:\/\/decor-boost.com\/shop\/"},{"@type":"ListItem","position":3,"name":"3 Pi\u00e8ces Crochets Adhesifs Transparent 5kg"}]},{"@type":"WebSite","@id":"https:\/\/decor-boost.com\/#website","url":"https:\/\/decor-boost.com\/","name":"Decor Boost","description":"Le meilleur endroit pour votre d\u00e9coration int\u00e9rieure","publisher":{"@id":"https:\/\/decor-boost.com\/#organization"},"potentialAction":[{"@type":"SearchAction","target":{"@type":"EntryPoint","urlTemplate":"https:\/\/decor-boost.com\/?s={search_term_string}"},"query-input":{"@type":"PropertyValueSpecification","valueRequired":true,"valueName":"search_term_string"}}],"inLanguage":"ar"},{"@type":"Organization","@id":"https:\/\/decor-boost.com\/#organization","name":"Decor Boost","url":"https:\/\/decor-boost.com\/","logo":{"@type":"ImageObject","inLanguage":"ar","@id":"https:\/\/decor-boost.com\/#\/schema\/logo\/image\/","url":"https:\/\/decor-boost.com\/wp-content\/uploads\/2024\/03\/LOGO-for-site-logo.jpg","contentUrl":"https:\/\/decor-boost.com\/wp-content\/uploads\/2024\/03\/LOGO-for-site-logo.jpg","width":696,"height":696,"caption":"Decor Boost"},"image":{"@id":"https:\/\/decor-boost.com\/#\/schema\/logo\/image\/"},"sameAs":["https:\/\/www.facebook.com\/decor.boost\/","https:\/\/www.instagram.com\/decor.boost\/","https:\/\/www.tiktok.com\/@decor.boost"]}]}},"jetpack_sharing_enabled":true,"_links":{"self":[{"href":"https:\/\/decor-boost.com\/ar\/wp-json\/wp\/v2\/product\/5491","targetHints":{"allow":["GET"]}}],"collection":[{"href":"https:\/\/decor-boost.com\/ar\/wp-json\/wp\/v2\/product"}],"about":[{"href":"https:\/\/decor-boost.com\/ar\/wp-json\/wp\/v2\/types\/product"}],"wp:featuredmedia":[{"embeddable":true,"href":"https:\/\/decor-boost.com\/ar\/wp-json\/wp\/v2\/media\/5498"}],"wp:attachment":[{"href":"https:\/\/decor-boost.com\/ar\/wp-json\/wp\/v2\/media?parent=5491"}],"wp:term":[{"taxonomy":"product_brand","embeddable":true,"href":"https:\/\/decor-boost.com\/ar\/wp-json\/wp\/v2\/product_brand?post=5491"},{"taxonomy":"product_cat","embeddable":true,"href":"https:\/\/decor-boost.com\/ar\/wp-json\/wp\/v2\/product_cat?post=5491"},{"taxonomy":"product_tag","embeddable":true,"href":"https:\/\/decor-boost.com\/ar\/wp-json\/wp\/v2\/product_tag?post=5491"}],"curies":[{"name":"wp","href":"https:\/\/api.w.org\/{rel}","templated":true}]}}