{"id":5956,"date":"2024-01-28T18:14:33","date_gmt":"2024-01-28T17:14:33","guid":{"rendered":"https:\/\/decor-boost.com\/?post_type=product&#038;p=5956"},"modified":"2024-01-28T18:17:52","modified_gmt":"2024-01-28T17:17:52","slug":"restaurant-rispal-at-asnieres-canvas-print","status":"publish","type":"product","link":"https:\/\/decor-boost.com\/ar\/shop\/canvas-frames\/famous-art\/restaurant-rispal-at-asnieres-canvas-print\/","title":{"rendered":"Restaurant Rispal at Asni\u00e8res Canvas Print"},"content":{"rendered":"<p><a href=\"https:\/\/artsandculture.google.com\/entity\/m07_m2\" data-gacategory=\"annotation\" data-gaaction=\"clicked\" data-galabel=\"assetpage_injected_link_v1\">Van Gogh<\/a>\u00a0lived in\u00a0<a href=\"https:\/\/artsandculture.google.com\/entity\/m05qtj\" data-gacategory=\"annotation\" data-gaaction=\"clicked\" data-galabel=\"assetpage_injected_link_v1\">Paris<\/a>\u00a0from March 1886 until February 1888 and regularly represented the industrial suburb of Asni\u00e8res, to the northwest of the capital. Van Gogh was fascinated by scenes of caf\u00e9 life, and here he represented a working-class restaurant, the name of which appears both on the side of the building and on a placard between two prominent\u00a0<a href=\"https:\/\/artsandculture.google.com\/entity\/m07j7r\" data-gacategory=\"annotation\" data-gaaction=\"clicked\" data-galabel=\"assetpage_injected_link_v1\">trees<\/a>\u00a0to the right. The foreground figure wears the blue worker&#8217;s smock that van Gogh himself is known to have worn at this time.<\/p>\n<ul>\n<li class=\"XD0Pkb\"><span class=\"PUhAff\">Title:<\/span>\u00a0Restaurant Rispal at Asni\u00e8res (Le restaurant Rispal \u00e0 Asni\u00e8res)<\/li>\n<li class=\"XD0Pkb\"><span class=\"PUhAff\">Creator:<\/span>\u00a0<a href=\"https:\/\/artsandculture.google.com\/entity\/m07_m2\" data-gacategory=\"annotation\" data-gaaction=\"clicked\" data-galabel=\"assetpage_injected_link_v1\">Vincent van Gogh<\/a><\/li>\n<li class=\"XD0Pkb\"><span class=\"PUhAff\">Date Created:<\/span>\u00a01887<\/li>\n<li class=\"XD0Pkb\"><span class=\"PUhAff\">Medium:<\/span>\u00a0<a href=\"https:\/\/artsandculture.google.com\/entity\/m031cgw\" data-gacategory=\"annotation\" data-gaaction=\"clicked\" data-galabel=\"assetpage_injected_link_v1\">Oil on canvas<\/a><\/li>\n<li class=\"XD0Pkb\"><span class=\"PUhAff\">Culture:<\/span>\u00a0Dutch<\/li>\n<\/ul>","protected":false},"excerpt":{"rendered":"<ul>\n<li>\u0627\u0644\u0645\u0648\u0627\u062f: 50% \u0642\u0637\u0646\/\u0628\u0648\u0644\u064a\u0633\u062a\u0631 \u0642\u0645\u0627\u0634 \u0643\u0627\u0646\u0641\u0633(\u0644\u0627\u0645\u0639 \u0623\u0648 \u063a\u064a\u0631 \u0644\u0627\u0645\u0639)<\/li>\n<li>\u0627\u0644\u0637\u0628\u0627\u0639\u0629: \u0645\u0637\u0628\u0648\u0639\u0627\u062a \u0639\u0627\u0644\u064a\u0629 \u0627\u0644\u062f\u0642\u0629 (1200 \u0646\u0642\u0637\u0629 \u0641\u064a \u0627\u0644\u0628\u0648\u0635\u0629)<\/li>\n<li>\u0627\u0644\u0625\u0637\u0627\u0631: \u0645\u0637\u0628\u0648\u0639\u0627\u062a\u0646\u0627 \u0627\u0644\u0642\u0645\u0627\u0634\u064a\u0629 \u0645\u0634\u062f\u0648\u062f\u0629 \u0628\u0639\u0646\u0627\u064a\u0629 \u0639\u0644\u0649 \u0625\u0637\u0627\u0631 \u062e\u0634\u0628\u064a \u0645\u062a\u064a\u0646 \u0645\u0642\u0627\u0633 2.5 \u0633\u0645.<\/li>\n<li>\u0627\u0644\u062d\u062c\u0645: \u0645\u062a\u0648\u0641\u0631 \u0628\u0645\u0642\u0627\u0633\u0627\u062a \u0645\u062a\u0639\u062f\u062f\u0629 \u0644\u062a\u0646\u0627\u0633\u0628 \u0645\u0633\u0627\u062d\u0629 \u062d\u0627\u0626\u0637\u0643.<\/li>\n<li>\u0627\u0644\u062a\u0639\u0644\u064a\u0642: \u064a\u0623\u062a\u064a \u062c\u0627\u0647\u0632 \u0644\u0644\u062a\u0639\u0644\u064a\u0642 \u0639\u0644\u0649 \u0627\u0644\u062d\u0627\u0626\u0637.<\/li>\n<li>\u0627\u0644\u062a\u062e\u0635\u064a\u0635: \u064a\u0645\u0643\u0646\u0643 \u0643\u062a\u0627\u0628\u0629 \u0623\u064a \u0627\u0633\u0645 \u0628\u0623\u064a \u0644\u063a\u0629 \u0648 \u0628\u062e\u0637\u0648\u0637 \u0645\u062a\u0646\u0648\u0639\u0629, \u0643\u0645\u0627 \u064a\u0645\u0643\u0646\u0643 \u0625\u0636\u0627\u0641\u0629 \u0627\u064a \u0643\u062a\u0627\u0628\u0629 \u0627\u0648 \u0635\u0648\u0631\u0629 \u062a\u0631\u064a\u062f\u0647\u0627.<\/li>\n<li>\u0627\u0644\u062a\u063a\u0644\u064a\u0641: \u064a\u062a\u0645 \u0627\u0644\u062a\u063a\u0644\u064a\u0641 \u0628\u0634\u0643\u0644 \u0645\u062d\u0643\u0645 \u0641\u064a \u0639\u0644\u0628\u0629 \u0643\u0631\u062a\u0648\u0646\u064a\u0629 \u0644\u062a\u0641\u0627\u062f\u064a \u0623\u064a \u062d\u0648\u0627\u062f\u062b \u0623\u062b\u0646\u0627\u0621 \u0627\u0644\u062a\u0648\u0635\u064a\u0644.<\/li>\n<\/ul>","protected":false},"featured_media":5924,"template":"","meta":{"_acf_changed":false},"product_brand":[],"product_cat":[137,138],"product_tag":[],"class_list":{"0":"post-5956","1":"product","2":"type-product","3":"status-publish","4":"has-post-thumbnail","6":"product_cat-canvas-frames","7":"product_cat-famous-art","9":"first","10":"instock","11":"shipping-taxable","12":"purchasable","13":"product-type-variable"},"acf":[],"yoast_head":"<!-- This site is optimized with the Yoast SEO plugin v27.3 - https:\/\/yoast.com\/product\/yoast-seo-wordpress\/ -->\n<title>Restaurant Rispal at Asni\u00e8res Canvas Print - Decor Boost<\/title>\n<meta name=\"robots\" content=\"index, follow, max-snippet:-1, max-image-preview:large, max-video-preview:-1\" \/>\n<link rel=\"canonical\" href=\"https:\/\/decor-boost.com\/ar\/shop\/canvas-frames\/famous-art\/restaurant-rispal-at-asnieres-canvas-print\/\" \/>\n<meta property=\"og:locale\" content=\"ar_AR\" \/>\n<meta property=\"og:type\" content=\"article\" \/>\n<meta property=\"og:title\" content=\"Restaurant Rispal at Asni\u00e8res Canvas Print - Decor Boost\" \/>\n<meta property=\"og:description\" content=\"Material: 50% cotton\/polyester Canvas (glossy or matte).  Printing: Eco solvent HD prints (1200 dpi).  Frame: Our Canvas Prints are carefully stretched over a 2.5 cm durable wooden frame.  Size: Available in multiple sizes to suit your wall space.  Hanging Hardware: Pre-installed for easy wall mounting.  Customization: Personalize with your own photos or artwork.  Packaging: Secure packaging to ensure safe delivery.\" \/>\n<meta property=\"og:url\" content=\"https:\/\/decor-boost.com\/ar\/shop\/canvas-frames\/famous-art\/restaurant-rispal-at-asnieres-canvas-print\/\" \/>\n<meta property=\"og:site_name\" content=\"Decor Boost\" \/>\n<meta property=\"article:publisher\" content=\"https:\/\/www.facebook.com\/decor.boost\/\" \/>\n<meta property=\"article:modified_time\" content=\"2024-01-28T17:17:52+00:00\" \/>\n<meta property=\"og:image\" content=\"https:\/\/decor-boost.com\/wp-content\/uploads\/2024\/01\/FMS-18-3.jpg\" \/>\n\t<meta property=\"og:image:width\" content=\"1140\" \/>\n\t<meta property=\"og:image:height\" content=\"1140\" \/>\n\t<meta property=\"og:image:type\" content=\"image\/jpeg\" \/>\n<meta name=\"twitter:card\" content=\"summary_large_image\" \/>\n<meta name=\"twitter:label1\" content=\"\u0648\u0642\u062a \u0627\u0644\u0642\u0631\u0627\u0621\u0629 \u0627\u0644\u0645\u064f\u0642\u062f\u0651\u0631\" \/>\n\t<meta name=\"twitter:data1\" content=\"\u062f\u0642\u064a\u0642\u0629 \u0648\u0627\u062d\u062f\u0629\" \/>\n<script type=\"application\/ld+json\" class=\"yoast-schema-graph\">{\"@context\":\"https:\\\/\\\/schema.org\",\"@graph\":[{\"@type\":\"WebPage\",\"@id\":\"https:\\\/\\\/decor-boost.com\\\/shop\\\/canvas-frames\\\/famous-art\\\/restaurant-rispal-at-asnieres-canvas-print\\\/\",\"url\":\"https:\\\/\\\/decor-boost.com\\\/shop\\\/canvas-frames\\\/famous-art\\\/restaurant-rispal-at-asnieres-canvas-print\\\/\",\"name\":\"Restaurant Rispal at Asni\u00e8res Canvas Print - Decor Boost\",\"isPartOf\":{\"@id\":\"https:\\\/\\\/decor-boost.com\\\/#website\"},\"primaryImageOfPage\":{\"@id\":\"https:\\\/\\\/decor-boost.com\\\/shop\\\/canvas-frames\\\/famous-art\\\/restaurant-rispal-at-asnieres-canvas-print\\\/#primaryimage\"},\"image\":{\"@id\":\"https:\\\/\\\/decor-boost.com\\\/shop\\\/canvas-frames\\\/famous-art\\\/restaurant-rispal-at-asnieres-canvas-print\\\/#primaryimage\"},\"thumbnailUrl\":\"https:\\\/\\\/decor-boost.com\\\/wp-content\\\/uploads\\\/2024\\\/01\\\/FMS-18-3.jpg\",\"datePublished\":\"2024-01-28T17:14:33+00:00\",\"dateModified\":\"2024-01-28T17:17:52+00:00\",\"breadcrumb\":{\"@id\":\"https:\\\/\\\/decor-boost.com\\\/shop\\\/canvas-frames\\\/famous-art\\\/restaurant-rispal-at-asnieres-canvas-print\\\/#breadcrumb\"},\"inLanguage\":\"ar\",\"potentialAction\":[{\"@type\":\"ReadAction\",\"target\":[\"https:\\\/\\\/decor-boost.com\\\/shop\\\/canvas-frames\\\/famous-art\\\/restaurant-rispal-at-asnieres-canvas-print\\\/\"]}]},{\"@type\":\"ImageObject\",\"inLanguage\":\"ar\",\"@id\":\"https:\\\/\\\/decor-boost.com\\\/shop\\\/canvas-frames\\\/famous-art\\\/restaurant-rispal-at-asnieres-canvas-print\\\/#primaryimage\",\"url\":\"https:\\\/\\\/decor-boost.com\\\/wp-content\\\/uploads\\\/2024\\\/01\\\/FMS-18-3.jpg\",\"contentUrl\":\"https:\\\/\\\/decor-boost.com\\\/wp-content\\\/uploads\\\/2024\\\/01\\\/FMS-18-3.jpg\",\"width\":1140,\"height\":1140},{\"@type\":\"BreadcrumbList\",\"@id\":\"https:\\\/\\\/decor-boost.com\\\/shop\\\/canvas-frames\\\/famous-art\\\/restaurant-rispal-at-asnieres-canvas-print\\\/#breadcrumb\",\"itemListElement\":[{\"@type\":\"ListItem\",\"position\":1,\"name\":\"Home\",\"item\":\"https:\\\/\\\/decor-boost.com\\\/\"},{\"@type\":\"ListItem\",\"position\":2,\"name\":\"Shop\",\"item\":\"https:\\\/\\\/decor-boost.com\\\/shop\\\/\"},{\"@type\":\"ListItem\",\"position\":3,\"name\":\"Restaurant Rispal at Asni\u00e8res Canvas Print\"}]},{\"@type\":\"WebSite\",\"@id\":\"https:\\\/\\\/decor-boost.com\\\/#website\",\"url\":\"https:\\\/\\\/decor-boost.com\\\/\",\"name\":\"Decor Boost\",\"description\":\"Le meilleur endroit pour votre d\u00e9coration int\u00e9rieure\",\"publisher\":{\"@id\":\"https:\\\/\\\/decor-boost.com\\\/#organization\"},\"potentialAction\":[{\"@type\":\"SearchAction\",\"target\":{\"@type\":\"EntryPoint\",\"urlTemplate\":\"https:\\\/\\\/decor-boost.com\\\/?s={search_term_string}\"},\"query-input\":{\"@type\":\"PropertyValueSpecification\",\"valueRequired\":true,\"valueName\":\"search_term_string\"}}],\"inLanguage\":\"ar\"},{\"@type\":\"Organization\",\"@id\":\"https:\\\/\\\/decor-boost.com\\\/#organization\",\"name\":\"Decor Boost\",\"url\":\"https:\\\/\\\/decor-boost.com\\\/\",\"logo\":{\"@type\":\"ImageObject\",\"inLanguage\":\"ar\",\"@id\":\"https:\\\/\\\/decor-boost.com\\\/#\\\/schema\\\/logo\\\/image\\\/\",\"url\":\"https:\\\/\\\/decor-boost.com\\\/wp-content\\\/uploads\\\/2024\\\/03\\\/LOGO-for-site-logo.jpg\",\"contentUrl\":\"https:\\\/\\\/decor-boost.com\\\/wp-content\\\/uploads\\\/2024\\\/03\\\/LOGO-for-site-logo.jpg\",\"width\":696,\"height\":696,\"caption\":\"Decor Boost\"},\"image\":{\"@id\":\"https:\\\/\\\/decor-boost.com\\\/#\\\/schema\\\/logo\\\/image\\\/\"},\"sameAs\":[\"https:\\\/\\\/www.facebook.com\\\/decor.boost\\\/\",\"https:\\\/\\\/www.instagram.com\\\/decor.boost\\\/\",\"https:\\\/\\\/www.tiktok.com\\\/@decor.boost\"]}]}<\/script>\n<!-- \/ Yoast SEO plugin. -->","yoast_head_json":{"title":"Restaurant Rispal at Asni\u00e8res Canvas Print - Decor Boost","robots":{"index":"index","follow":"follow","max-snippet":"max-snippet:-1","max-image-preview":"max-image-preview:large","max-video-preview":"max-video-preview:-1"},"canonical":"https:\/\/decor-boost.com\/ar\/shop\/canvas-frames\/famous-art\/restaurant-rispal-at-asnieres-canvas-print\/","og_locale":"ar_AR","og_type":"article","og_title":"Restaurant Rispal at Asni\u00e8res Canvas Print - Decor Boost","og_description":"Material: 50% cotton\/polyester Canvas (glossy or matte).  Printing: Eco solvent HD prints (1200 dpi).  Frame: Our Canvas Prints are carefully stretched over a 2.5 cm durable wooden frame.  Size: Available in multiple sizes to suit your wall space.  Hanging Hardware: Pre-installed for easy wall mounting.  Customization: Personalize with your own photos or artwork.  Packaging: Secure packaging to ensure safe delivery.","og_url":"https:\/\/decor-boost.com\/ar\/shop\/canvas-frames\/famous-art\/restaurant-rispal-at-asnieres-canvas-print\/","og_site_name":"Decor Boost","article_publisher":"https:\/\/www.facebook.com\/decor.boost\/","article_modified_time":"2024-01-28T17:17:52+00:00","og_image":[{"width":1140,"height":1140,"url":"https:\/\/decor-boost.com\/wp-content\/uploads\/2024\/01\/FMS-18-3.jpg","type":"image\/jpeg"}],"twitter_card":"summary_large_image","twitter_misc":{"\u0648\u0642\u062a \u0627\u0644\u0642\u0631\u0627\u0621\u0629 \u0627\u0644\u0645\u064f\u0642\u062f\u0651\u0631":"\u062f\u0642\u064a\u0642\u0629 \u0648\u0627\u062d\u062f\u0629"},"schema":{"@context":"https:\/\/schema.org","@graph":[{"@type":"WebPage","@id":"https:\/\/decor-boost.com\/shop\/canvas-frames\/famous-art\/restaurant-rispal-at-asnieres-canvas-print\/","url":"https:\/\/decor-boost.com\/shop\/canvas-frames\/famous-art\/restaurant-rispal-at-asnieres-canvas-print\/","name":"Restaurant Rispal at Asni\u00e8res Canvas Print - Decor Boost","isPartOf":{"@id":"https:\/\/decor-boost.com\/#website"},"primaryImageOfPage":{"@id":"https:\/\/decor-boost.com\/shop\/canvas-frames\/famous-art\/restaurant-rispal-at-asnieres-canvas-print\/#primaryimage"},"image":{"@id":"https:\/\/decor-boost.com\/shop\/canvas-frames\/famous-art\/restaurant-rispal-at-asnieres-canvas-print\/#primaryimage"},"thumbnailUrl":"https:\/\/decor-boost.com\/wp-content\/uploads\/2024\/01\/FMS-18-3.jpg","datePublished":"2024-01-28T17:14:33+00:00","dateModified":"2024-01-28T17:17:52+00:00","breadcrumb":{"@id":"https:\/\/decor-boost.com\/shop\/canvas-frames\/famous-art\/restaurant-rispal-at-asnieres-canvas-print\/#breadcrumb"},"inLanguage":"ar","potentialAction":[{"@type":"ReadAction","target":["https:\/\/decor-boost.com\/shop\/canvas-frames\/famous-art\/restaurant-rispal-at-asnieres-canvas-print\/"]}]},{"@type":"ImageObject","inLanguage":"ar","@id":"https:\/\/decor-boost.com\/shop\/canvas-frames\/famous-art\/restaurant-rispal-at-asnieres-canvas-print\/#primaryimage","url":"https:\/\/decor-boost.com\/wp-content\/uploads\/2024\/01\/FMS-18-3.jpg","contentUrl":"https:\/\/decor-boost.com\/wp-content\/uploads\/2024\/01\/FMS-18-3.jpg","width":1140,"height":1140},{"@type":"BreadcrumbList","@id":"https:\/\/decor-boost.com\/shop\/canvas-frames\/famous-art\/restaurant-rispal-at-asnieres-canvas-print\/#breadcrumb","itemListElement":[{"@type":"ListItem","position":1,"name":"Home","item":"https:\/\/decor-boost.com\/"},{"@type":"ListItem","position":2,"name":"Shop","item":"https:\/\/decor-boost.com\/shop\/"},{"@type":"ListItem","position":3,"name":"Restaurant Rispal at Asni\u00e8res Canvas Print"}]},{"@type":"WebSite","@id":"https:\/\/decor-boost.com\/#website","url":"https:\/\/decor-boost.com\/","name":"Decor Boost","description":"Le meilleur endroit pour votre d\u00e9coration int\u00e9rieure","publisher":{"@id":"https:\/\/decor-boost.com\/#organization"},"potentialAction":[{"@type":"SearchAction","target":{"@type":"EntryPoint","urlTemplate":"https:\/\/decor-boost.com\/?s={search_term_string}"},"query-input":{"@type":"PropertyValueSpecification","valueRequired":true,"valueName":"search_term_string"}}],"inLanguage":"ar"},{"@type":"Organization","@id":"https:\/\/decor-boost.com\/#organization","name":"Decor Boost","url":"https:\/\/decor-boost.com\/","logo":{"@type":"ImageObject","inLanguage":"ar","@id":"https:\/\/decor-boost.com\/#\/schema\/logo\/image\/","url":"https:\/\/decor-boost.com\/wp-content\/uploads\/2024\/03\/LOGO-for-site-logo.jpg","contentUrl":"https:\/\/decor-boost.com\/wp-content\/uploads\/2024\/03\/LOGO-for-site-logo.jpg","width":696,"height":696,"caption":"Decor Boost"},"image":{"@id":"https:\/\/decor-boost.com\/#\/schema\/logo\/image\/"},"sameAs":["https:\/\/www.facebook.com\/decor.boost\/","https:\/\/www.instagram.com\/decor.boost\/","https:\/\/www.tiktok.com\/@decor.boost"]}]}},"jetpack_sharing_enabled":true,"_links":{"self":[{"href":"https:\/\/decor-boost.com\/ar\/wp-json\/wp\/v2\/product\/5956","targetHints":{"allow":["GET"]}}],"collection":[{"href":"https:\/\/decor-boost.com\/ar\/wp-json\/wp\/v2\/product"}],"about":[{"href":"https:\/\/decor-boost.com\/ar\/wp-json\/wp\/v2\/types\/product"}],"wp:featuredmedia":[{"embeddable":true,"href":"https:\/\/decor-boost.com\/ar\/wp-json\/wp\/v2\/media\/5924"}],"wp:attachment":[{"href":"https:\/\/decor-boost.com\/ar\/wp-json\/wp\/v2\/media?parent=5956"}],"wp:term":[{"taxonomy":"product_brand","embeddable":true,"href":"https:\/\/decor-boost.com\/ar\/wp-json\/wp\/v2\/product_brand?post=5956"},{"taxonomy":"product_cat","embeddable":true,"href":"https:\/\/decor-boost.com\/ar\/wp-json\/wp\/v2\/product_cat?post=5956"},{"taxonomy":"product_tag","embeddable":true,"href":"https:\/\/decor-boost.com\/ar\/wp-json\/wp\/v2\/product_tag?post=5956"}],"curies":[{"name":"wp","href":"https:\/\/api.w.org\/{rel}","templated":true}]}}